{"id":503,"date":"2017-11-20T12:41:34","date_gmt":"2017-11-20T11:41:34","guid":{"rendered":"https:\/\/assarinnovation.se\/13-2\/"},"modified":"2025-10-07T10:38:00","modified_gmt":"2025-10-07T08:38:00","slug":"13-2","status":"publish","type":"page","link":"https:\/\/assarinnovation.se\/en\/","title":{"rendered":"Start"},"content":{"rendered":"<h2><\/h2>\n<h2>Initiators<\/h2>\n<p>ASSAR Industrial Innovation Arena is initiated by <a href=\"https:\/\/scienceparkskovde.se\/en\/\">Science Park Sk\u00f6vde<\/a>, <a href=\"http:\/\/his.se\/\">The University of Sk\u00f6vde<\/a>, <a href=\"http:\/\/idcab.se\/\">IDC West Sweden AB<\/a>, <a href=\"https:\/\/www.volvocars.com\/se\">Volvo Car Corporation<\/a> and <a href=\"http:\/\/www.volvogroup.se\/sv-se\/home.html\">Volvo Group<\/a>. ASSAR is a part of <a href=\"https:\/\/scienceparkskovde.se\/en\/\">Science Park Sk\u00f6vde<\/a>.<\/p>\n","protected":false},"excerpt":{"rendered":"<p>Initiators ASSAR Industrial Innovation Arena is initiated by Science Park Sk\u00f6vde, The University of Sk\u00f6vde, IDC West Sweden AB, Volvo Car Corporation and Volvo Group. ASSAR is a part of Science Park Sk\u00f6vde.<\/p>\n","protected":false},"author":4,"featured_media":0,"parent":0,"menu_order":0,"comment_status":"closed","ping_status":"closed","template":"","meta":{"footnotes":""},"class_list":["post-503","page","type-page","status-publish","hentry"],"yoast_head":"<!-- This site is optimized with the Yoast SEO plugin v23.3 - https:\/\/yoast.com\/wordpress\/plugins\/seo\/ -->\n<title>Start - ASSAR Innovation<\/title>\n<meta name=\"robots\" content=\"index, follow, max-snippet:-1, max-image-preview:large, max-video-preview:-1\" \/>\n<link rel=\"canonical\" href=\"https:\/\/assarinnovation.se\/en\/\" \/>\n<meta property=\"og:locale\" content=\"en_US\" \/>\n<meta property=\"og:type\" content=\"article\" \/>\n<meta property=\"og:title\" content=\"Start - ASSAR Innovation\" \/>\n<meta property=\"og:description\" content=\"Initiators ASSAR Industrial Innovation Arena is initiated by Science Park Sk\u00f6vde, The University of Sk\u00f6vde, IDC West Sweden AB, Volvo Car Corporation and Volvo Group. ASSAR is a part of Science Park Sk\u00f6vde.\" \/>\n<meta property=\"og:url\" content=\"https:\/\/assarinnovation.se\/en\/\" \/>\n<meta property=\"og:site_name\" content=\"ASSAR Innovation\" \/>\n<meta property=\"article:modified_time\" content=\"2025-10-07T08:38:00+00:00\" \/>\n<meta name=\"twitter:card\" content=\"summary_large_image\" \/>\n<meta name=\"twitter:site\" content=\"@assarinnovation\" \/>\n<meta name=\"twitter:label1\" content=\"Est. reading time\" \/>\n\t<meta name=\"twitter:data1\" content=\"1 minute\" \/>\n<script type=\"application\/ld+json\" class=\"yoast-schema-graph\">{\"@context\":\"https:\/\/schema.org\",\"@graph\":[{\"@type\":\"WebPage\",\"@id\":\"https:\/\/assarinnovation.se\/en\/\",\"url\":\"https:\/\/assarinnovation.se\/en\/\",\"name\":\"Start - ASSAR Innovation\",\"isPartOf\":{\"@id\":\"https:\/\/assarinnovation.se\/en\/#website\"},\"datePublished\":\"2017-11-20T11:41:34+00:00\",\"dateModified\":\"2025-10-07T08:38:00+00:00\",\"breadcrumb\":{\"@id\":\"https:\/\/assarinnovation.se\/en\/#breadcrumb\"},\"inLanguage\":\"en-US\",\"potentialAction\":[{\"@type\":\"ReadAction\",\"target\":[\"https:\/\/assarinnovation.se\/en\/\"]}]},{\"@type\":\"BreadcrumbList\",\"@id\":\"https:\/\/assarinnovation.se\/en\/#breadcrumb\",\"itemListElement\":[{\"@type\":\"ListItem\",\"position\":1,\"name\":\"Home\",\"item\":\"https:\/\/assarinnovation.se\/en\/\"},{\"@type\":\"ListItem\",\"position\":2,\"name\":\"Start\"}]},{\"@type\":\"WebSite\",\"@id\":\"https:\/\/assarinnovation.se\/en\/#website\",\"url\":\"https:\/\/assarinnovation.se\/en\/\",\"name\":\"ASSAR Innovation\",\"description\":\"Utbildning, innovation &amp; forskning\",\"potentialAction\":[{\"@type\":\"SearchAction\",\"target\":{\"@type\":\"EntryPoint\",\"urlTemplate\":\"https:\/\/assarinnovation.se\/en\/?s={search_term_string}\"},\"query-input\":\"required name=search_term_string\"}],\"inLanguage\":\"en-US\"}]}<\/script>\n<!-- \/ Yoast SEO plugin. -->","yoast_head_json":{"title":"Start - ASSAR Innovation","robots":{"index":"index","follow":"follow","max-snippet":"max-snippet:-1","max-image-preview":"max-image-preview:large","max-video-preview":"max-video-preview:-1"},"canonical":"https:\/\/assarinnovation.se\/en\/","og_locale":"en_US","og_type":"article","og_title":"Start - ASSAR Innovation","og_description":"Initiators ASSAR Industrial Innovation Arena is initiated by Science Park Sk\u00f6vde, The University of Sk\u00f6vde, IDC West Sweden AB, Volvo Car Corporation and Volvo Group. ASSAR is a part of Science Park Sk\u00f6vde.","og_url":"https:\/\/assarinnovation.se\/en\/","og_site_name":"ASSAR Innovation","article_modified_time":"2025-10-07T08:38:00+00:00","twitter_card":"summary_large_image","twitter_site":"@assarinnovation","twitter_misc":{"Est. reading time":"1 minute"},"schema":{"@context":"https:\/\/schema.org","@graph":[{"@type":"WebPage","@id":"https:\/\/assarinnovation.se\/en\/","url":"https:\/\/assarinnovation.se\/en\/","name":"Start - ASSAR Innovation","isPartOf":{"@id":"https:\/\/assarinnovation.se\/en\/#website"},"datePublished":"2017-11-20T11:41:34+00:00","dateModified":"2025-10-07T08:38:00+00:00","breadcrumb":{"@id":"https:\/\/assarinnovation.se\/en\/#breadcrumb"},"inLanguage":"en-US","potentialAction":[{"@type":"ReadAction","target":["https:\/\/assarinnovation.se\/en\/"]}]},{"@type":"BreadcrumbList","@id":"https:\/\/assarinnovation.se\/en\/#breadcrumb","itemListElement":[{"@type":"ListItem","position":1,"name":"Home","item":"https:\/\/assarinnovation.se\/en\/"},{"@type":"ListItem","position":2,"name":"Start"}]},{"@type":"WebSite","@id":"https:\/\/assarinnovation.se\/en\/#website","url":"https:\/\/assarinnovation.se\/en\/","name":"ASSAR Innovation","description":"Utbildning, innovation &amp; forskning","potentialAction":[{"@type":"SearchAction","target":{"@type":"EntryPoint","urlTemplate":"https:\/\/assarinnovation.se\/en\/?s={search_term_string}"},"query-input":"required name=search_term_string"}],"inLanguage":"en-US"}]}},"_links":{"self":[{"href":"https:\/\/assarinnovation.se\/en\/wp-json\/wp\/v2\/pages\/503"}],"collection":[{"href":"https:\/\/assarinnovation.se\/en\/wp-json\/wp\/v2\/pages"}],"about":[{"href":"https:\/\/assarinnovation.se\/en\/wp-json\/wp\/v2\/types\/page"}],"author":[{"embeddable":true,"href":"https:\/\/assarinnovation.se\/en\/wp-json\/wp\/v2\/users\/4"}],"replies":[{"embeddable":true,"href":"https:\/\/assarinnovation.se\/en\/wp-json\/wp\/v2\/comments?post=503"}],"version-history":[{"count":4,"href":"https:\/\/assarinnovation.se\/en\/wp-json\/wp\/v2\/pages\/503\/revisions"}],"predecessor-version":[{"id":2133,"href":"https:\/\/assarinnovation.se\/en\/wp-json\/wp\/v2\/pages\/503\/revisions\/2133"}],"wp:attachment":[{"href":"https:\/\/assarinnovation.se\/en\/wp-json\/wp\/v2\/media?parent=503"}],"curies":[{"name":"wp","href":"https:\/\/api.w.org\/{rel}","templated":true}]}}