{"id":507,"date":"2017-11-23T15:00:00","date_gmt":"2017-11-23T14:00:00","guid":{"rendered":"https:\/\/assarinnovation.se\/assar\/"},"modified":"2018-02-12T14:16:03","modified_gmt":"2018-02-12T13:16:03","slug":"assar","status":"publish","type":"page","link":"https:\/\/assarinnovation.se\/en\/assar\/","title":{"rendered":"Assar"},"content":{"rendered":"<h2>Project &amp; results<\/h2>\n<p class=\"lead-text\">The aim of the ASSAR project is to establish a world-leading integrated physical and virtual development environment for research, technological development, innovation and education. The initiative is to result in an increase in the number of new companies with cutting-edge expertise within the area of <a href=\"http:\/\/his.se\/en\/Research\/Virtual-Engineering\/Virtual-Engineering-Research-Specialisation\/\">Virtual Engineering<\/a> in the region and that the supply of engineers for technological companies and the manufacturing industry will also increase.<\/p>\n<h2>Initiators &amp; financiers<\/h2>\n<p class=\"lead-text\">The initiators of ASSAR Industrial Innovation Arena are Gothia Innovation AB, the University of Sk\u00f6vde, IDC West Sweden AB, Volvo Car Corporation and the Volvo Group. The financiers include the Municipality of Sk\u00f6vde, Region V\u00e4stra G\u00f6taland, Skaraborg Local Authorities, and the European Regional Development Fund.<\/p>\n<p class=\"lead-text\">\n<h2>Organisation &amp; structure<\/h2>\n<p class=\"lead-text\">ASSAR is an collaborative platform where the five initiators\u2019 businesses meet. The platform\u2019s organisation and structure create an efficient work procedure for the aim of the project and a physical environment for joint production, development and the setting up of new companies.<\/p>\n<h2>The name ASSAR<\/h2>\n<p class=\"lead-text\">Assar Gabrielsson was a Swedish industrialist and initiator of the car manufacturing company AB Volvo. ASSAR Industrial Innovation Arena is a tribute to Assar Gabrielsson, but the etymology of the name ASSAR is also important; the name comes from English \u2019answer\u2019 and means \u2019he who gives answers\u2019.<\/p>\n","protected":false},"excerpt":{"rendered":"<p>Project &amp; results The aim of the ASSAR project is to establish a world-leading integrated physical and virtual development environment for research, technological development, innovation and education. The initiative is to result in an increase in the number of new&#8230; <a href=\"https:\/\/assarinnovation.se\/en\/assar\/\">Read more<\/a><\/p>\n","protected":false},"author":4,"featured_media":0,"parent":0,"menu_order":0,"comment_status":"closed","ping_status":"closed","template":"","meta":{"footnotes":""},"class_list":["post-507","page","type-page","status-publish","hentry"],"yoast_head":"<!-- This site is optimized with the Yoast SEO plugin v23.3 - https:\/\/yoast.com\/wordpress\/plugins\/seo\/ -->\n<title>Assar - ASSAR Innovation<\/title>\n<meta name=\"robots\" content=\"index, follow, max-snippet:-1, max-image-preview:large, max-video-preview:-1\" \/>\n<link rel=\"canonical\" href=\"https:\/\/assarinnovation.se\/en\/assar\/\" \/>\n<meta property=\"og:locale\" content=\"en_US\" \/>\n<meta property=\"og:type\" content=\"article\" \/>\n<meta property=\"og:title\" content=\"Assar - ASSAR Innovation\" \/>\n<meta property=\"og:description\" content=\"Project &amp; results The aim of the ASSAR project is to establish a world-leading integrated physical and virtual development environment for research, technological development, innovation and education. The initiative is to result in an increase in the number of new&#8230; Read more\" \/>\n<meta property=\"og:url\" content=\"https:\/\/assarinnovation.se\/en\/assar\/\" \/>\n<meta property=\"og:site_name\" content=\"ASSAR Innovation\" \/>\n<meta property=\"article:modified_time\" content=\"2018-02-12T13:16:03+00:00\" \/>\n<meta name=\"twitter:card\" content=\"summary_large_image\" \/>\n<meta name=\"twitter:site\" content=\"@assarinnovation\" \/>\n<meta name=\"twitter:label1\" content=\"Est. reading time\" \/>\n\t<meta name=\"twitter:data1\" content=\"1 minute\" \/>\n<script type=\"application\/ld+json\" class=\"yoast-schema-graph\">{\"@context\":\"https:\/\/schema.org\",\"@graph\":[{\"@type\":\"WebPage\",\"@id\":\"https:\/\/assarinnovation.se\/en\/assar\/\",\"url\":\"https:\/\/assarinnovation.se\/en\/assar\/\",\"name\":\"Assar - ASSAR Innovation\",\"isPartOf\":{\"@id\":\"https:\/\/assarinnovation.se\/en\/#website\"},\"datePublished\":\"2017-11-23T14:00:00+00:00\",\"dateModified\":\"2018-02-12T13:16:03+00:00\",\"breadcrumb\":{\"@id\":\"https:\/\/assarinnovation.se\/en\/assar\/#breadcrumb\"},\"inLanguage\":\"en-US\",\"potentialAction\":[{\"@type\":\"ReadAction\",\"target\":[\"https:\/\/assarinnovation.se\/en\/assar\/\"]}]},{\"@type\":\"BreadcrumbList\",\"@id\":\"https:\/\/assarinnovation.se\/en\/assar\/#breadcrumb\",\"itemListElement\":[{\"@type\":\"ListItem\",\"position\":1,\"name\":\"Home\",\"item\":\"https:\/\/assarinnovation.se\/en\/\"},{\"@type\":\"ListItem\",\"position\":2,\"name\":\"Assar\"}]},{\"@type\":\"WebSite\",\"@id\":\"https:\/\/assarinnovation.se\/en\/#website\",\"url\":\"https:\/\/assarinnovation.se\/en\/\",\"name\":\"ASSAR Innovation\",\"description\":\"Utbildning, innovation &amp; forskning\",\"potentialAction\":[{\"@type\":\"SearchAction\",\"target\":{\"@type\":\"EntryPoint\",\"urlTemplate\":\"https:\/\/assarinnovation.se\/en\/?s={search_term_string}\"},\"query-input\":\"required name=search_term_string\"}],\"inLanguage\":\"en-US\"}]}<\/script>\n<!-- \/ Yoast SEO plugin. -->","yoast_head_json":{"title":"Assar - ASSAR Innovation","robots":{"index":"index","follow":"follow","max-snippet":"max-snippet:-1","max-image-preview":"max-image-preview:large","max-video-preview":"max-video-preview:-1"},"canonical":"https:\/\/assarinnovation.se\/en\/assar\/","og_locale":"en_US","og_type":"article","og_title":"Assar - ASSAR Innovation","og_description":"Project &amp; results The aim of the ASSAR project is to establish a world-leading integrated physical and virtual development environment for research, technological development, innovation and education. The initiative is to result in an increase in the number of new&#8230; Read more","og_url":"https:\/\/assarinnovation.se\/en\/assar\/","og_site_name":"ASSAR Innovation","article_modified_time":"2018-02-12T13:16:03+00:00","twitter_card":"summary_large_image","twitter_site":"@assarinnovation","twitter_misc":{"Est. reading time":"1 minute"},"schema":{"@context":"https:\/\/schema.org","@graph":[{"@type":"WebPage","@id":"https:\/\/assarinnovation.se\/en\/assar\/","url":"https:\/\/assarinnovation.se\/en\/assar\/","name":"Assar - ASSAR Innovation","isPartOf":{"@id":"https:\/\/assarinnovation.se\/en\/#website"},"datePublished":"2017-11-23T14:00:00+00:00","dateModified":"2018-02-12T13:16:03+00:00","breadcrumb":{"@id":"https:\/\/assarinnovation.se\/en\/assar\/#breadcrumb"},"inLanguage":"en-US","potentialAction":[{"@type":"ReadAction","target":["https:\/\/assarinnovation.se\/en\/assar\/"]}]},{"@type":"BreadcrumbList","@id":"https:\/\/assarinnovation.se\/en\/assar\/#breadcrumb","itemListElement":[{"@type":"ListItem","position":1,"name":"Home","item":"https:\/\/assarinnovation.se\/en\/"},{"@type":"ListItem","position":2,"name":"Assar"}]},{"@type":"WebSite","@id":"https:\/\/assarinnovation.se\/en\/#website","url":"https:\/\/assarinnovation.se\/en\/","name":"ASSAR Innovation","description":"Utbildning, innovation &amp; forskning","potentialAction":[{"@type":"SearchAction","target":{"@type":"EntryPoint","urlTemplate":"https:\/\/assarinnovation.se\/en\/?s={search_term_string}"},"query-input":"required name=search_term_string"}],"inLanguage":"en-US"}]}},"_links":{"self":[{"href":"https:\/\/assarinnovation.se\/en\/wp-json\/wp\/v2\/pages\/507"}],"collection":[{"href":"https:\/\/assarinnovation.se\/en\/wp-json\/wp\/v2\/pages"}],"about":[{"href":"https:\/\/assarinnovation.se\/en\/wp-json\/wp\/v2\/types\/page"}],"author":[{"embeddable":true,"href":"https:\/\/assarinnovation.se\/en\/wp-json\/wp\/v2\/users\/4"}],"replies":[{"embeddable":true,"href":"https:\/\/assarinnovation.se\/en\/wp-json\/wp\/v2\/comments?post=507"}],"version-history":[{"count":5,"href":"https:\/\/assarinnovation.se\/en\/wp-json\/wp\/v2\/pages\/507\/revisions"}],"predecessor-version":[{"id":651,"href":"https:\/\/assarinnovation.se\/en\/wp-json\/wp\/v2\/pages\/507\/revisions\/651"}],"wp:attachment":[{"href":"https:\/\/assarinnovation.se\/en\/wp-json\/wp\/v2\/media?parent=507"}],"curies":[{"name":"wp","href":"https:\/\/api.w.org\/{rel}","templated":true}]}}