{"id":510,"date":"2017-11-23T15:00:12","date_gmt":"2017-11-23T14:00:12","guid":{"rendered":"https:\/\/assarinnovation.se\/kontakt\/"},"modified":"2023-12-07T12:13:16","modified_gmt":"2023-12-07T11:13:16","slug":"contact","status":"publish","type":"page","link":"https:\/\/assarinnovation.se\/en\/contact\/","title":{"rendered":"Contact"},"content":{"rendered":"<h2><\/h2>\n<h2>Contact initiators<\/h2>\n<p>ASSAR Industrial Innovation Arena is initiated by <a href=\"https:\/\/scienceparkskovde.se\/en\/\">Science Park Sk\u00f6vde<\/a>, <a href=\"http:\/\/his.se\/\">The University of Sk\u00f6vde<\/a>, <a href=\"http:\/\/idcab.se\/\">IDC West Sweden AB<\/a>, <a href=\"https:\/\/www.volvocars.com\/se\">Volvo Car Corporation,<\/a>\u00a0<a href=\"http:\/\/www.volvogroup.se\/sv-se\/home.html\">Volvo Group<\/a> and <a href=\"http:\/\/Aurobay\">Aurobay<\/a>. ASSAR is a part of <a href=\"https:\/\/scienceparkskovde.se\/en\/\">Science Park Sk\u00f6vde<\/a>.<\/p>\n<div id=\"gallery-1\" class=\"gallery lgljl-gallery galleryid-510 gallery-columns-1 gallery-size-full gallery-link-file\"><figure class=\"gallery-item\"><div class=\"gallery-icon\"><a href=\"https:\/\/storage.googleapis.com\/assarinnovation-se\/uploads\/2018\/01\/WH_karta-1.jpg\" title=\"\" data-desc=\"\" class=\"gallery-item-1 lgljl-gallery-item\"><img loading=\"lazy\" decoding=\"async\" width=\"567\" height=\"375\" src=\"https:\/\/storage.googleapis.com\/assarinnovation-se\/uploads\/2018\/01\/WH_karta-1.jpg\" class=\"attachment-full size-full\" alt=\"\" srcset=\"https:\/\/storage.googleapis.com\/assarinnovation-se\/uploads\/2018\/01\/WH_karta-1.jpg 567w, https:\/\/storage.googleapis.com\/assarinnovation-se\/uploads\/2018\/01\/WH_karta-1-300x198.jpg 300w\" sizes=\"(max-width: 567px) 100vw, 567px\" \/><\/a><\/div>\n<figcaption class=\"wp-caption-text gallery-caption\">1.ASSAR Industrial Innovation Arena (Gothia Science Park) 2.Portalen (Gothia Science Park\/H\u00f6gskolan i Sk\u00f6vde) 3-4.Gothia Science Park 5.H\u00f6gskolan i Sk\u00f6vde<\/figcaption><\/figure><br style=\"clear: both\"><br style=\"clear: both;\"><\/div>\n<h2 class=\"h2\">Finding us<\/h2>\n<h3>Will you be arriving by bus or train?<\/h3>\n<p>In which case, you have a five-minute walk to ASSAR from Sk\u00f6vde Travel Center. To get to ASSAR, the easiest way is to use the pedestrian underpass toward Boulognerskogen (the Boulogner Woods), passing SJ\u2019s parking lot and then crossing Kavelbrov\u00e4gen.<br \/>\n<strong>Our address is:<\/strong> Kavelbrov\u00e4gen 2B, 541 36 Sk\u00f6vde.<\/p>\n<h3>Parking<\/h3>\n<p>Opposite ASSAR\u2019s premises, on the other side of Kavelbrov\u00e4gen, there is SJ\u2019s parking lot. Handicap-friendly parking is available outside ASSAR.<\/p>\n<h2 class=\"h2\">In the area<\/h2>\n<h3 class=\"h3\"><a href=\"http:\/\/skovde.materialconnexion.com\/biblioteket\/\">Material Connexion Sk\u00f6vde<\/a><\/h3>\n<p>One of the world\u2019s material libraries is situated in Sk\u00f6vde. The others are in New York, Bangkok, Peking, Daegu, Istanbul, Cologne, Milan, Seoul and Shanghai.<\/p>\n<h3 class=\"h3\"><a href=\"https:\/\/www.balthazar.nu\/\">Balthazar Science Center<\/a><\/h3>\n<p>At Balthazar the whole family can experience and explore science and technology, test interactive models and experiments, build, create and use their creativity. There is something for everybody.<\/p>\n<h2 class=\"h2\">In the area<\/h2>\n<h3 class=\"h3\">Food and beverages<\/h3>\n<p>In the <a href=\"https:\/\/www.balthazar.nu\/besok\/kafe\/\">Caf\u00e9 Kretsloppet<\/a>, home-made cakes and biscuits and beverages suitable for a coffee or tea break are available but also light meals are served. There is also alternative food for those suffering from allergies or gluten and lactose intolerance.<\/p>\n<h3>Time to spare?<\/h3>\n<p>In ASSAR\u2019s premises, you can sit down and work for a while either before or after a meeting with us.<\/p>\n<p>Welcome.<\/p>\n","protected":false},"excerpt":{"rendered":"<p>Contact initiators ASSAR Industrial Innovation Arena is initiated by Science Park Sk\u00f6vde, The University of Sk\u00f6vde, IDC West Sweden AB, Volvo Car Corporation,\u00a0Volvo Group and Aurobay. ASSAR is a part of Science Park Sk\u00f6vde. Finding us Will you be arriving&#8230; <a href=\"https:\/\/assarinnovation.se\/en\/contact\/\">Read more<\/a><\/p>\n","protected":false},"author":4,"featured_media":0,"parent":0,"menu_order":0,"comment_status":"closed","ping_status":"closed","template":"","meta":{"footnotes":""},"class_list":["post-510","page","type-page","status-publish","hentry"],"yoast_head":"<!-- This site is optimized with the Yoast SEO plugin v23.3 - https:\/\/yoast.com\/wordpress\/plugins\/seo\/ -->\n<title>Contact - ASSAR Innovation<\/title>\n<meta name=\"robots\" content=\"index, follow, max-snippet:-1, max-image-preview:large, max-video-preview:-1\" \/>\n<link rel=\"canonical\" href=\"https:\/\/assarinnovation.se\/en\/contact\/\" \/>\n<meta property=\"og:locale\" content=\"en_US\" \/>\n<meta property=\"og:type\" content=\"article\" \/>\n<meta property=\"og:title\" content=\"Contact - ASSAR Innovation\" \/>\n<meta property=\"og:description\" content=\"Contact initiators ASSAR Industrial Innovation Arena is initiated by Science Park Sk\u00f6vde, The University of Sk\u00f6vde, IDC West Sweden AB, Volvo Car Corporation,\u00a0Volvo Group and Aurobay. ASSAR is a part of Science Park Sk\u00f6vde. Finding us Will you be arriving&#8230; Read more\" \/>\n<meta property=\"og:url\" content=\"https:\/\/assarinnovation.se\/en\/contact\/\" \/>\n<meta property=\"og:site_name\" content=\"ASSAR Innovation\" \/>\n<meta property=\"article:modified_time\" content=\"2023-12-07T11:13:16+00:00\" \/>\n<meta property=\"og:image\" content=\"https:\/\/storage.googleapis.com\/assarinnovation-se\/uploads\/2018\/01\/WH_karta-1.jpg\" \/>\n<meta name=\"twitter:card\" content=\"summary_large_image\" \/>\n<meta name=\"twitter:site\" content=\"@assarinnovation\" \/>\n<meta name=\"twitter:label1\" content=\"Est. reading time\" \/>\n\t<meta name=\"twitter:data1\" content=\"2 minutes\" \/>\n<script type=\"application\/ld+json\" class=\"yoast-schema-graph\">{\"@context\":\"https:\/\/schema.org\",\"@graph\":[{\"@type\":\"WebPage\",\"@id\":\"https:\/\/assarinnovation.se\/en\/contact\/\",\"url\":\"https:\/\/assarinnovation.se\/en\/contact\/\",\"name\":\"Contact - ASSAR Innovation\",\"isPartOf\":{\"@id\":\"https:\/\/assarinnovation.se\/en\/#website\"},\"datePublished\":\"2017-11-23T14:00:12+00:00\",\"dateModified\":\"2023-12-07T11:13:16+00:00\",\"breadcrumb\":{\"@id\":\"https:\/\/assarinnovation.se\/en\/contact\/#breadcrumb\"},\"inLanguage\":\"en-US\",\"potentialAction\":[{\"@type\":\"ReadAction\",\"target\":[\"https:\/\/assarinnovation.se\/en\/contact\/\"]}]},{\"@type\":\"BreadcrumbList\",\"@id\":\"https:\/\/assarinnovation.se\/en\/contact\/#breadcrumb\",\"itemListElement\":[{\"@type\":\"ListItem\",\"position\":1,\"name\":\"Home\",\"item\":\"https:\/\/assarinnovation.se\/en\/\"},{\"@type\":\"ListItem\",\"position\":2,\"name\":\"Contact\"}]},{\"@type\":\"WebSite\",\"@id\":\"https:\/\/assarinnovation.se\/en\/#website\",\"url\":\"https:\/\/assarinnovation.se\/en\/\",\"name\":\"ASSAR Innovation\",\"description\":\"Utbildning, innovation &amp; forskning\",\"potentialAction\":[{\"@type\":\"SearchAction\",\"target\":{\"@type\":\"EntryPoint\",\"urlTemplate\":\"https:\/\/assarinnovation.se\/en\/?s={search_term_string}\"},\"query-input\":\"required name=search_term_string\"}],\"inLanguage\":\"en-US\"}]}<\/script>\n<!-- \/ Yoast SEO plugin. -->","yoast_head_json":{"title":"Contact - ASSAR Innovation","robots":{"index":"index","follow":"follow","max-snippet":"max-snippet:-1","max-image-preview":"max-image-preview:large","max-video-preview":"max-video-preview:-1"},"canonical":"https:\/\/assarinnovation.se\/en\/contact\/","og_locale":"en_US","og_type":"article","og_title":"Contact - ASSAR Innovation","og_description":"Contact initiators ASSAR Industrial Innovation Arena is initiated by Science Park Sk\u00f6vde, The University of Sk\u00f6vde, IDC West Sweden AB, Volvo Car Corporation,\u00a0Volvo Group and Aurobay. ASSAR is a part of Science Park Sk\u00f6vde. Finding us Will you be arriving&#8230; Read more","og_url":"https:\/\/assarinnovation.se\/en\/contact\/","og_site_name":"ASSAR Innovation","article_modified_time":"2023-12-07T11:13:16+00:00","og_image":[{"url":"https:\/\/storage.googleapis.com\/assarinnovation-se\/uploads\/2018\/01\/WH_karta-1.jpg"}],"twitter_card":"summary_large_image","twitter_site":"@assarinnovation","twitter_misc":{"Est. reading time":"2 minutes"},"schema":{"@context":"https:\/\/schema.org","@graph":[{"@type":"WebPage","@id":"https:\/\/assarinnovation.se\/en\/contact\/","url":"https:\/\/assarinnovation.se\/en\/contact\/","name":"Contact - ASSAR Innovation","isPartOf":{"@id":"https:\/\/assarinnovation.se\/en\/#website"},"datePublished":"2017-11-23T14:00:12+00:00","dateModified":"2023-12-07T11:13:16+00:00","breadcrumb":{"@id":"https:\/\/assarinnovation.se\/en\/contact\/#breadcrumb"},"inLanguage":"en-US","potentialAction":[{"@type":"ReadAction","target":["https:\/\/assarinnovation.se\/en\/contact\/"]}]},{"@type":"BreadcrumbList","@id":"https:\/\/assarinnovation.se\/en\/contact\/#breadcrumb","itemListElement":[{"@type":"ListItem","position":1,"name":"Home","item":"https:\/\/assarinnovation.se\/en\/"},{"@type":"ListItem","position":2,"name":"Contact"}]},{"@type":"WebSite","@id":"https:\/\/assarinnovation.se\/en\/#website","url":"https:\/\/assarinnovation.se\/en\/","name":"ASSAR Innovation","description":"Utbildning, innovation &amp; forskning","potentialAction":[{"@type":"SearchAction","target":{"@type":"EntryPoint","urlTemplate":"https:\/\/assarinnovation.se\/en\/?s={search_term_string}"},"query-input":"required name=search_term_string"}],"inLanguage":"en-US"}]}},"_links":{"self":[{"href":"https:\/\/assarinnovation.se\/en\/wp-json\/wp\/v2\/pages\/510"}],"collection":[{"href":"https:\/\/assarinnovation.se\/en\/wp-json\/wp\/v2\/pages"}],"about":[{"href":"https:\/\/assarinnovation.se\/en\/wp-json\/wp\/v2\/types\/page"}],"author":[{"embeddable":true,"href":"https:\/\/assarinnovation.se\/en\/wp-json\/wp\/v2\/users\/4"}],"replies":[{"embeddable":true,"href":"https:\/\/assarinnovation.se\/en\/wp-json\/wp\/v2\/comments?post=510"}],"version-history":[{"count":5,"href":"https:\/\/assarinnovation.se\/en\/wp-json\/wp\/v2\/pages\/510\/revisions"}],"predecessor-version":[{"id":5960,"href":"https:\/\/assarinnovation.se\/en\/wp-json\/wp\/v2\/pages\/510\/revisions\/5960"}],"wp:attachment":[{"href":"https:\/\/assarinnovation.se\/en\/wp-json\/wp\/v2\/media?parent=510"}],"curies":[{"name":"wp","href":"https:\/\/api.w.org\/{rel}","templated":true}]}}